{"id":2350,"date":"2021-01-23T10:29:04","date_gmt":"2021-01-23T10:29:04","guid":{"rendered":"https:\/\/lorenzuttirurales.com.ar\/tienda\/?post_type=product&#038;p=2350"},"modified":"2021-01-23T10:29:04","modified_gmt":"2021-01-23T10:29:04","slug":"cortacerco-23cc-g1821ar","status":"publish","type":"product","link":"https:\/\/lorenzuttirurales.com.ar\/tienda\/producto\/cortacerco-23cc-g1821ar\/","title":{"rendered":"Cortacerco 23cc &#8211; G1821AR"},"content":{"rendered":"<ul>\n<li>Motor de 2 tiempos.<\/li>\n<li>Potencia: 23 cc.<\/li>\n<li>Pr\u00e1ctico y f\u00e1cil de usar.<\/li>\n<li>Dise\u00f1o ergon\u00f3mico para facilitar su uso.<\/li>\n<\/ul>\n","protected":false},"excerpt":{"rendered":"<p>Este corta cerco a explosi\u00f3n fue dise\u00f1ado para el bordeado de peque\u00f1os arbustos.<\/p>\n","protected":false},"featured_media":2351,"comment_status":"open","ping_status":"closed","template":"","meta":{"_joinchat":[]},"product_cat":[53,51],"product_tag":[],"_links":{"self":[{"href":"https:\/\/lorenzuttirurales.com.ar\/tienda\/wp-json\/wp\/v2\/product\/2350"}],"collection":[{"href":"https:\/\/lorenzuttirurales.com.ar\/tienda\/wp-json\/wp\/v2\/product"}],"about":[{"href":"https:\/\/lorenzuttirurales.com.ar\/tienda\/wp-json\/wp\/v2\/types\/product"}],"replies":[{"embeddable":true,"href":"https:\/\/lorenzuttirurales.com.ar\/tienda\/wp-json\/wp\/v2\/comments?post=2350"}],"wp:featuredmedia":[{"embeddable":true,"href":"https:\/\/lorenzuttirurales.com.ar\/tienda\/wp-json\/wp\/v2\/media\/2351"}],"wp:attachment":[{"href":"https:\/\/lorenzuttirurales.com.ar\/tienda\/wp-json\/wp\/v2\/media?parent=2350"}],"wp:term":[{"taxonomy":"product_cat","embeddable":true,"href":"https:\/\/lorenzuttirurales.com.ar\/tienda\/wp-json\/wp\/v2\/product_cat?post=2350"},{"taxonomy":"product_tag","embeddable":true,"href":"https:\/\/lorenzuttirurales.com.ar\/tienda\/wp-json\/wp\/v2\/product_tag?post=2350"}],"curies":[{"name":"wp","href":"https:\/\/api.w.org\/{rel}","templated":true}]}}