{"id":2677,"date":"2021-03-09T17:28:17","date_gmt":"2021-03-09T17:28:17","guid":{"rendered":"https:\/\/lorenzuttirurales.com.ar\/tienda\/?post_type=product&#038;p=2677"},"modified":"2023-02-25T15:47:40","modified_gmt":"2023-02-25T15:47:40","slug":"palear-punta-corazon-cabo-largo","status":"publish","type":"product","link":"https:\/\/lorenzuttirurales.com.ar\/tienda\/producto\/palear-punta-corazon-cabo-largo\/","title":{"rendered":"PALEAR PUNTA CORAZ\u00d3N CABO LARGO"},"content":{"rendered":"<div class=\"col-md-12\">\n<div class=\"col-md-4\">\n<p><img decoding=\"async\" src=\"http:\/\/www.gherardi.com.ar\/wp-content\/uploads\/2017\/12\/pala-descripcion.png\" \/><\/p>\n<\/div>\n<div class=\"col-md-8\">\n<table width=\"320\">\n<tbody>\n<tr>\n<td width=\"80\">-A-<\/td>\n<td width=\"80\">-B-<\/td>\n<td width=\"80\">-C-<\/td>\n<td rowspan=\"2\" width=\"80\">Peso (g)<\/td>\n<\/tr>\n<tr>\n<td width=\"80\">Largo<\/td>\n<td width=\"80\">Hombros (mm)<\/td>\n<td width=\"80\">Boca<\/td>\n<\/tr>\n<tr>\n<td width=\"80\">300<\/td>\n<td width=\"80\">225<\/td>\n<td width=\"80\">&#8211;<\/td>\n<td width=\"80\">2700<\/td>\n<\/tr>\n<\/tbody>\n<\/table>\n<\/div>\n<\/div>\n","protected":false},"excerpt":{"rendered":"<p>Una sola pieza de acero forjado, templado y revenido.<br \/>\nCabos de Guayaib\u00ed o Guatamb\u00fa con empu\u00f1adura met\u00e1lica.<\/p>\n<p>Autoafilado: La disminuci\u00f3n gradual del espesor de la hoja desde los hombros a la boca otorga mayor robustez, peso justo, penetraci\u00f3n y afilado ideal.<\/p>\n","protected":false},"featured_media":2712,"comment_status":"open","ping_status":"closed","template":"","meta":{"_joinchat":[]},"product_cat":[65,70],"product_tag":[],"_links":{"self":[{"href":"https:\/\/lorenzuttirurales.com.ar\/tienda\/wp-json\/wp\/v2\/product\/2677"}],"collection":[{"href":"https:\/\/lorenzuttirurales.com.ar\/tienda\/wp-json\/wp\/v2\/product"}],"about":[{"href":"https:\/\/lorenzuttirurales.com.ar\/tienda\/wp-json\/wp\/v2\/types\/product"}],"replies":[{"embeddable":true,"href":"https:\/\/lorenzuttirurales.com.ar\/tienda\/wp-json\/wp\/v2\/comments?post=2677"}],"wp:featuredmedia":[{"embeddable":true,"href":"https:\/\/lorenzuttirurales.com.ar\/tienda\/wp-json\/wp\/v2\/media\/2712"}],"wp:attachment":[{"href":"https:\/\/lorenzuttirurales.com.ar\/tienda\/wp-json\/wp\/v2\/media?parent=2677"}],"wp:term":[{"taxonomy":"product_cat","embeddable":true,"href":"https:\/\/lorenzuttirurales.com.ar\/tienda\/wp-json\/wp\/v2\/product_cat?post=2677"},{"taxonomy":"product_tag","embeddable":true,"href":"https:\/\/lorenzuttirurales.com.ar\/tienda\/wp-json\/wp\/v2\/product_tag?post=2677"}],"curies":[{"name":"wp","href":"https:\/\/api.w.org\/{rel}","templated":true}]}}