{"id":2824,"date":"2021-05-18T12:59:29","date_gmt":"2021-05-18T12:59:29","guid":{"rendered":"https:\/\/lorenzuttirurales.com.ar\/tienda\/?post_type=product&#038;p=2824"},"modified":"2023-03-14T19:05:20","modified_gmt":"2023-03-14T19:05:20","slug":"electrificador-boyero-plyrap-220v-40km-2-4j","status":"publish","type":"product","link":"https:\/\/lorenzuttirurales.com.ar\/tienda\/producto\/electrificador-boyero-plyrap-220v-40km-2-4j\/","title":{"rendered":"Electrificador Boyero Plyrap 220v 40km 2.4j"},"content":{"rendered":"<p>Caracter\u00edsticas T\u00e9cnicas:<\/p>\n<p>* Modelo:\u00a0PLYRAP PY20 220V 40KM<br \/>\n* Maxima Energia Almacenada: 2.4 Joules<br \/>\n* M\u00e1ximo radio de acci\u00f3n en l\u00ednea recta (desde la ubicaci\u00f3n del<br \/>\nequipo):\u00a01200 mt.<br \/>\n* \u00c1rea m\u00e1xima de cobertura:\u00a0Hasta 300 Ha<br \/>\n* Cantidad m\u00e1xima de alambre a desplegar en el \u00e1rea:\u00a040 Km. (40<br \/>\nmil metros)<br \/>\n* Consumo \/ hora:\u00a03w<br \/>\n* Proteccion UV.<\/p>\n<p>MEDIDAS Y PESO EMBALADO:<br \/>\nAncho: 22,00 cm<br \/>\nAlto: 30,00 cm<br \/>\nLargo: 14,00 cm<br \/>\nPeso: 2,450 Kg<\/p>\n","protected":false},"excerpt":{"rendered":"<p>Electrificador Boyero Plyrap 220v 40km 2.4j<\/p>\n<p>El BOYERO 220V PLYRAP PY40 esta fabricado con<br \/>\nmateriales de primera calidad, su robustez denota durabilidad y<br \/>\nresistencia a la interperie.<\/p>\n","protected":false},"featured_media":2825,"comment_status":"open","ping_status":"closed","template":"","meta":{"_joinchat":[]},"product_cat":[78,77],"product_tag":[],"_links":{"self":[{"href":"https:\/\/lorenzuttirurales.com.ar\/tienda\/wp-json\/wp\/v2\/product\/2824"}],"collection":[{"href":"https:\/\/lorenzuttirurales.com.ar\/tienda\/wp-json\/wp\/v2\/product"}],"about":[{"href":"https:\/\/lorenzuttirurales.com.ar\/tienda\/wp-json\/wp\/v2\/types\/product"}],"replies":[{"embeddable":true,"href":"https:\/\/lorenzuttirurales.com.ar\/tienda\/wp-json\/wp\/v2\/comments?post=2824"}],"wp:featuredmedia":[{"embeddable":true,"href":"https:\/\/lorenzuttirurales.com.ar\/tienda\/wp-json\/wp\/v2\/media\/2825"}],"wp:attachment":[{"href":"https:\/\/lorenzuttirurales.com.ar\/tienda\/wp-json\/wp\/v2\/media?parent=2824"}],"wp:term":[{"taxonomy":"product_cat","embeddable":true,"href":"https:\/\/lorenzuttirurales.com.ar\/tienda\/wp-json\/wp\/v2\/product_cat?post=2824"},{"taxonomy":"product_tag","embeddable":true,"href":"https:\/\/lorenzuttirurales.com.ar\/tienda\/wp-json\/wp\/v2\/product_tag?post=2824"}],"curies":[{"name":"wp","href":"https:\/\/api.w.org\/{rel}","templated":true}]}}