{"id":2829,"date":"2021-05-18T13:04:57","date_gmt":"2021-05-18T13:04:57","guid":{"rendered":"https:\/\/lorenzuttirurales.com.ar\/tienda\/?post_type=product&#038;p=2829"},"modified":"2023-03-14T19:01:03","modified_gmt":"2023-03-14T19:01:03","slug":"electrificador-boyero-plyrap-220v-20km-1-10j","status":"publish","type":"product","link":"https:\/\/lorenzuttirurales.com.ar\/tienda\/producto\/electrificador-boyero-plyrap-220v-20km-1-10j\/","title":{"rendered":"Electrificador Boyero Plyrap 220v 20km 1.10j"},"content":{"rendered":"<p>Caracter\u00edsticas T\u00e9cnicas:<\/p>\n<p>* Modelo:\u00a0PLYRAP PY20 220V 20KM<br \/>\n* Maxima Energia Almacenada: 1.1 Joules<br \/>\n* M\u00e1ximo radio de acci\u00f3n en l\u00ednea recta (desde la ubicaci\u00f3n del<br \/>\nequipo):\u00a0600 mt.<br \/>\n* \u00c1rea m\u00e1xima de cobertura:\u00a0Hasta 50 Ha<br \/>\n* Cantidad m\u00e1xima de alambre a desplegar en el \u00e1rea:\u00a020 Km. (20<br \/>\nmil metros)<br \/>\n* Consumo \/ hora:\u00a01.5w<br \/>\n* Proteccion UV.<\/p>\n<p>&nbsp;<\/p>\n<p>MEDIDAS Y PESO EMBALADO:<br \/>\nAncho: 22,00 cm<br \/>\nAlto: 30,00 cm<br \/>\nLargo: 14,00 cm<br \/>\nPeso: 2,360 Kg<\/p>\n","protected":false},"excerpt":{"rendered":"<p>Electrificador Boyero Plyrap 220v 20km 1.10j<\/p>\n<p>El BOYERO 220V PLYRAP PY20 esta fabricado con<br \/>\nmateriales de primera calidad, su robustez denota durabilidad y<br \/>\nresistencia a la interperie.<\/p>\n","protected":false},"featured_media":2830,"comment_status":"open","ping_status":"closed","template":"","meta":{"_joinchat":[]},"product_cat":[78,77],"product_tag":[],"_links":{"self":[{"href":"https:\/\/lorenzuttirurales.com.ar\/tienda\/wp-json\/wp\/v2\/product\/2829"}],"collection":[{"href":"https:\/\/lorenzuttirurales.com.ar\/tienda\/wp-json\/wp\/v2\/product"}],"about":[{"href":"https:\/\/lorenzuttirurales.com.ar\/tienda\/wp-json\/wp\/v2\/types\/product"}],"replies":[{"embeddable":true,"href":"https:\/\/lorenzuttirurales.com.ar\/tienda\/wp-json\/wp\/v2\/comments?post=2829"}],"wp:featuredmedia":[{"embeddable":true,"href":"https:\/\/lorenzuttirurales.com.ar\/tienda\/wp-json\/wp\/v2\/media\/2830"}],"wp:attachment":[{"href":"https:\/\/lorenzuttirurales.com.ar\/tienda\/wp-json\/wp\/v2\/media?parent=2829"}],"wp:term":[{"taxonomy":"product_cat","embeddable":true,"href":"https:\/\/lorenzuttirurales.com.ar\/tienda\/wp-json\/wp\/v2\/product_cat?post=2829"},{"taxonomy":"product_tag","embeddable":true,"href":"https:\/\/lorenzuttirurales.com.ar\/tienda\/wp-json\/wp\/v2\/product_tag?post=2829"}],"curies":[{"name":"wp","href":"https:\/\/api.w.org\/{rel}","templated":true}]}}