{"id":2896,"date":"2021-05-18T21:47:21","date_gmt":"2021-05-18T21:47:21","guid":{"rendered":"https:\/\/lorenzuttirurales.com.ar\/tienda\/?post_type=product&#038;p=2896"},"modified":"2021-05-18T22:01:56","modified_gmt":"2021-05-18T22:01:56","slug":"malla-antigranizo","status":"publish","type":"product","link":"https:\/\/lorenzuttirurales.com.ar\/tienda\/producto\/malla-antigranizo\/","title":{"rendered":"MALLA ANTIGRANIZO"},"content":{"rendered":"<div class=\"x-container max width\">\n<div class=\"x-column x-sm x-1-2\">\n<h4 class=\"h-custom-headline cs-ta-center h3 accent\">VENTAJAS<\/h4>\n<\/div>\n<\/div>\n<div class=\"x-container max width\">\n<div class=\"x-column x-sm x-1-2\">\n<ul class=\"x-ul-icons\">\n<li class=\"x-li-icon\"><i class=\"x-icon-check\" data-x-icon=\"\uf00c\" aria-hidden=\"true\"><\/i>Durabilidad y vida \u00fatil de 7 a\u00f1os frente a la degradaci\u00f3n solar<\/li>\n<li class=\"x-li-icon\"><i class=\"x-icon-check\" data-x-icon=\"\uf00c\" aria-hidden=\"true\"><\/i>Resistente al impacto del granizo y su acumulaci\u00f3n<\/li>\n<li class=\"x-li-icon\"><i class=\"x-icon-check\" data-x-icon=\"\uf00c\" aria-hidden=\"true\"><\/i>Previene da\u00f1os y costosas p\u00e9rdidas de \u00e1reas cultivadas<\/li>\n<li class=\"x-li-icon\"><i class=\"x-icon-check\" data-x-icon=\"\uf00c\" aria-hidden=\"true\"><\/i>Fabricada en Argentina con certificado de inspecci\u00f3n<\/li>\n<li class=\"x-li-icon\"><i class=\"x-icon-check\" data-x-icon=\"\uf00c\" aria-hidden=\"true\"><\/i>Permite el paso de la luz y el agua<\/li>\n<\/ul>\n<h4><\/h4>\n<h4 class=\"h-custom-headline cs-ta-center h3 accent\">DATOS T\u00c9CNICOS<\/h4>\n<ul class=\"x-ul-icons\">\n<li class=\"x-li-icon\">T\u00edtulo del monofilamento 77 tex (equivalente a 0,32mm)<\/li>\n<li class=\"x-li-icon\"><i class=\"x-icon-chevron-right\" data-x-icon=\"\uf054\" aria-hidden=\"true\"><\/i>N\u00b0 de monofilamentos de urdimbre \u2013 Cadenas cada 10cm: \u2265 13 cadenas x 2 hilos<\/li>\n<li class=\"x-li-icon\"><i class=\"x-icon-chevron-right\" data-x-icon=\"\uf054\" aria-hidden=\"true\"><\/i>N\u00b0 de monofilamentos de trama \u2013 Tramas cada 10cm: \u2265 25 tramas<\/li>\n<li class=\"x-li-icon\"><i class=\"x-icon-chevron-right\" data-x-icon=\"\uf054\" aria-hidden=\"true\"><\/i>Refuerzo lateral \u2265 27 cadenas de 3 hilos<\/li>\n<li class=\"x-li-icon\">Peso 52g\/m2, tolerancia 2g aprox.<\/li>\n<li class=\"x-li-icon\"><i class=\"x-icon-chevron-right\" data-x-icon=\"\uf054\" aria-hidden=\"true\"><\/i>Contenido de negro de carbono anti U.V. \u2265 1%<\/li>\n<li class=\"x-li-icon\"><i class=\"x-icon-chevron-right\" data-x-icon=\"\uf054\" aria-hidden=\"true\"><\/i>Grado de dispersi\u00f3n del negro de carbono \u2264 3<\/li>\n<li class=\"x-li-icon\"><i class=\"x-icon-chevron-right\" data-x-icon=\"\uf054\" aria-hidden=\"true\"><\/i>Monofilamento de polietileno de alta densidad<\/li>\n<li class=\"x-li-icon\"><i class=\"x-icon-chevron-right\" data-x-icon=\"\uf054\" aria-hidden=\"true\"><\/i>Tratamiento UV<\/li>\n<li class=\"x-li-icon\"><i class=\"x-icon-chevron-right\" data-x-icon=\"\uf054\" aria-hidden=\"true\"><\/i>Tejido plano<\/li>\n<\/ul>\n<h4><\/h4>\n<h4 class=\"h-custom-headline cs-ta-center h3 accent\">COMPONENTES<\/h4>\n<p>Polietileno de alta densidad (HDPE): pol\u00edmero que se caracteriza por tener una excelente resistencia t\u00e9rmica y qu\u00edmica, muy buena resistencia al impacto y muy buena procesabilidad (se puede procesar por los m\u00e9todos de conformado empleados para los termopl\u00e1sticos, como inyecci\u00f3n, extrusi\u00f3n, rotomoldeo y compresi\u00f3n). Es s\u00f3lido, incoloro, transl\u00facido, casi opaco, flexible a\u00fan a bajas temperaturas, tenaz, m\u00e1s r\u00edgido que el polietileno de baja densidad, muy ligero, y es mucho mejor su reciclaje mec\u00e1nico y t\u00e9rmico.<\/p>\n<h4><\/h4>\n<h4 class=\"h-custom-headline cs-ta-center h3 accent\">APLICACIONES<\/h4>\n<div class=\"x-feature-box-content\">\n<ul>\n<li class=\"x-feature-box-title\">Protecci\u00f3n del granizo: de t\u00faneles, invernaderos, plantaciones, etc.<\/li>\n<li class=\"x-feature-box-title\">Protecci\u00f3n de los p\u00e1jaros: de granos, plantas, flores, frutos y cultivos arb\u00f3reos<\/li>\n<li class=\"x-feature-box-title\">Protecci\u00f3n de cultivos de ciclo largo de producci\u00f3n: manzanos, peras, duraznos y rosales<\/li>\n<li class=\"x-feature-box-title\">Protecci\u00f3n para peque\u00f1os huertos y jardines de uso particular<\/li>\n<li class=\"x-feature-box-title\">Protecci\u00f3n de vi\u00f1as como cortavientos y contra la escarcha<\/li>\n<\/ul>\n<div class=\"x-container max width\">\n<div class=\"x-column x-sm x-1-1\">\n<h3><\/h3>\n<h3 class=\"h-custom-headline cs-ta-center h3 accent\">MODELOS DISPONIBLES EN ROLLO<\/h3>\n<\/div>\n<\/div>\n<div class=\"x-container max width\">\n<div class=\"x-column x-sm x-1-1\"><img decoding=\"async\" class=\"x-img x-img-none\" src=\"https:\/\/grupo-ap.com.ar\/wp-content\/uploads\/2016\/09\/MALLA-ANTIGRANIZO-01.png\" \/><\/div>\n<div><\/div>\n<\/div>\n<\/div>\n<\/div>\n<\/div>\n","protected":false},"excerpt":{"rendered":"<p>Monofilamento de polietileno de alta densidad tejido bajo el procedimiento giro ingl\u00e9s (tejido plano), con tratamiento UV, que protege los cultivos del granizo. Tiene una elevada resistencia mec\u00e1nica y presenta refuerzos en los bordes, de manera que los esfuerzos causados por la lluvia e impactos se distribuyen uniformemente.<\/p>\n","protected":false},"featured_media":2897,"comment_status":"open","ping_status":"closed","template":"","meta":{"_joinchat":[]},"product_cat":[85,87],"product_tag":[],"_links":{"self":[{"href":"https:\/\/lorenzuttirurales.com.ar\/tienda\/wp-json\/wp\/v2\/product\/2896"}],"collection":[{"href":"https:\/\/lorenzuttirurales.com.ar\/tienda\/wp-json\/wp\/v2\/product"}],"about":[{"href":"https:\/\/lorenzuttirurales.com.ar\/tienda\/wp-json\/wp\/v2\/types\/product"}],"replies":[{"embeddable":true,"href":"https:\/\/lorenzuttirurales.com.ar\/tienda\/wp-json\/wp\/v2\/comments?post=2896"}],"wp:featuredmedia":[{"embeddable":true,"href":"https:\/\/lorenzuttirurales.com.ar\/tienda\/wp-json\/wp\/v2\/media\/2897"}],"wp:attachment":[{"href":"https:\/\/lorenzuttirurales.com.ar\/tienda\/wp-json\/wp\/v2\/media?parent=2896"}],"wp:term":[{"taxonomy":"product_cat","embeddable":true,"href":"https:\/\/lorenzuttirurales.com.ar\/tienda\/wp-json\/wp\/v2\/product_cat?post=2896"},{"taxonomy":"product_tag","embeddable":true,"href":"https:\/\/lorenzuttirurales.com.ar\/tienda\/wp-json\/wp\/v2\/product_tag?post=2896"}],"curies":[{"name":"wp","href":"https:\/\/api.w.org\/{rel}","templated":true}]}}