{"id":2916,"date":"2021-05-19T12:09:00","date_gmt":"2021-05-19T12:09:00","guid":{"rendered":"https:\/\/lorenzuttirurales.com.ar\/tienda\/?post_type=product&#038;p=2916"},"modified":"2021-05-19T12:11:23","modified_gmt":"2021-05-19T12:11:23","slug":"taladro-atornillador-21-vcc-g12103ar","status":"publish","type":"product","link":"https:\/\/lorenzuttirurales.com.ar\/tienda\/producto\/taladro-atornillador-21-vcc-g12103ar\/","title":{"rendered":"Taladro Atornillador 21 Vcc &#8211; G12103AR"},"content":{"rendered":"<ul>\n<li>Dos velocidades, con funci\u00f3n de avance y retroceso.<\/li>\n<li>Mango ergon\u00f3mico, recubierto de goma para mas confort.<\/li>\n<li>Mandril sin llave ( 10 mm).<\/li>\n<li>Torsi\u00f3n m\u00e1xima: 30 Nm.<\/li>\n<li>Tiempo de carga: 60 minutos.<\/li>\n<li>18 posiciones de torque.<\/li>\n<li>Iluminaci\u00f3n adicional LED.<\/li>\n<li>Incluye 2 bater\u00edas\/ 1 cargador.<\/li>\n<li>Incluye malet\u00edn.<\/li>\n<\/ul>\n<ul>\n<li>Capacidad de metal: 10 mm<\/li>\n<li>Capacidad en madera; 25 mm<\/li>\n<li>Capacidad de atornillado: 8 mm<\/li>\n<li>Velocidad baja: 0-350<\/li>\n<li>Voltaje de bater\u00eda: 21 Vcc<\/li>\n<li>Torsi\u00f3n m\u00e1xima: 30 Nm<\/li>\n<li>Peso sin bater\u00eda: 1,2 Kg<\/li>\n<li>Velocidad alta: 0-1300<\/li>\n<\/ul>\n<p>De uso dom\u00e9stico<\/p>\n","protected":false},"excerpt":{"rendered":"<p>Este taladro atornillador a bater\u00eda de I\u00f3n-litio ha sido dise\u00f1ado para perforar y para atornillar.<\/p>\n","protected":false},"featured_media":2917,"comment_status":"open","ping_status":"closed","template":"","meta":{"_joinchat":[]},"product_cat":[88,85],"product_tag":[],"_links":{"self":[{"href":"https:\/\/lorenzuttirurales.com.ar\/tienda\/wp-json\/wp\/v2\/product\/2916"}],"collection":[{"href":"https:\/\/lorenzuttirurales.com.ar\/tienda\/wp-json\/wp\/v2\/product"}],"about":[{"href":"https:\/\/lorenzuttirurales.com.ar\/tienda\/wp-json\/wp\/v2\/types\/product"}],"replies":[{"embeddable":true,"href":"https:\/\/lorenzuttirurales.com.ar\/tienda\/wp-json\/wp\/v2\/comments?post=2916"}],"wp:featuredmedia":[{"embeddable":true,"href":"https:\/\/lorenzuttirurales.com.ar\/tienda\/wp-json\/wp\/v2\/media\/2917"}],"wp:attachment":[{"href":"https:\/\/lorenzuttirurales.com.ar\/tienda\/wp-json\/wp\/v2\/media?parent=2916"}],"wp:term":[{"taxonomy":"product_cat","embeddable":true,"href":"https:\/\/lorenzuttirurales.com.ar\/tienda\/wp-json\/wp\/v2\/product_cat?post=2916"},{"taxonomy":"product_tag","embeddable":true,"href":"https:\/\/lorenzuttirurales.com.ar\/tienda\/wp-json\/wp\/v2\/product_tag?post=2916"}],"curies":[{"name":"wp","href":"https:\/\/api.w.org\/{rel}","templated":true}]}}