{"id":2933,"date":"2021-05-19T12:32:35","date_gmt":"2021-05-19T12:32:35","guid":{"rendered":"https:\/\/lorenzuttirurales.com.ar\/tienda\/?post_type=product&#038;p=2933"},"modified":"2026-04-12T08:36:32","modified_gmt":"2026-04-12T08:36:32","slug":"cortac-castel-garden-6-hp-21tracion-bolsa-trit","status":"publish","type":"product","link":"https:\/\/lorenzuttirurales.com.ar\/tienda\/producto\/cortac-castel-garden-6-hp-21tracion-bolsa-trit\/","title":{"rendered":"CORTAC. CASTEL GARDEN-6 HP-21&#8243;TRACION-BOLSA-TRIT."},"content":{"rendered":"<p>CARACTER\u00cdSTICAS DEL PRODUCTO: -Marca: CastelGarden -Potencia: 6,8 HP &#8211; OHV -Cilindrada: 196cc -Velocidad del motor: 2800\/min -Ancho de corte: 520mm -Altura de corte ajustable: 25 &#8211; 70mm -Posiciones de corte: 7 posiciones -Tracci\u00f3n: Si -Bolsa: 60 litros -Trituradora: Si -Arranque el\u00e9ctrico: No -Cargador de bater\u00eda: No -Rueda: 190mm &#8211; 260mm -Regulaci\u00f3n de altura: En las cuatro ruedas -Tipo de regulaci\u00f3n de altura: Con una sola palanca -Manija: Ergonom\u00e9trica -Peso: 43,1Kg -Nivel Sonoro: 98dB<\/p>\n","protected":false},"excerpt":{"rendered":"<table class=\"table-description table table-bordered\">\n<thead>\n<tr>\n<th colspan=\"2\">DETALLES<\/th>\n<\/tr>\n<\/thead>\n<tbody>\n<tr>\n<td class=\"attrTitle\">Marca<\/td>\n<td>FEMA<\/td>\n<\/tr>\n<tr>\n<td class=\"attrTitle\">C\u00f3digo<\/td>\n<td>69382212<\/td>\n<\/tr>\n<tr>\n<td><span class=\"attrTitle\">Peso<\/span><\/td>\n<td>43.30kg<\/td>\n<\/tr>\n<\/tbody>\n<\/table>\n","protected":false},"featured_media":2934,"comment_status":"open","ping_status":"closed","template":"","meta":{"_joinchat":[]},"product_cat":[89,85],"product_tag":[],"_links":{"self":[{"href":"https:\/\/lorenzuttirurales.com.ar\/tienda\/wp-json\/wp\/v2\/product\/2933"}],"collection":[{"href":"https:\/\/lorenzuttirurales.com.ar\/tienda\/wp-json\/wp\/v2\/product"}],"about":[{"href":"https:\/\/lorenzuttirurales.com.ar\/tienda\/wp-json\/wp\/v2\/types\/product"}],"replies":[{"embeddable":true,"href":"https:\/\/lorenzuttirurales.com.ar\/tienda\/wp-json\/wp\/v2\/comments?post=2933"}],"wp:featuredmedia":[{"embeddable":true,"href":"https:\/\/lorenzuttirurales.com.ar\/tienda\/wp-json\/wp\/v2\/media\/2934"}],"wp:attachment":[{"href":"https:\/\/lorenzuttirurales.com.ar\/tienda\/wp-json\/wp\/v2\/media?parent=2933"}],"wp:term":[{"taxonomy":"product_cat","embeddable":true,"href":"https:\/\/lorenzuttirurales.com.ar\/tienda\/wp-json\/wp\/v2\/product_cat?post=2933"},{"taxonomy":"product_tag","embeddable":true,"href":"https:\/\/lorenzuttirurales.com.ar\/tienda\/wp-json\/wp\/v2\/product_tag?post=2933"}],"curies":[{"name":"wp","href":"https:\/\/api.w.org\/{rel}","templated":true}]}}