{"id":2998,"date":"2021-05-24T16:33:00","date_gmt":"2021-05-24T16:33:00","guid":{"rendered":"https:\/\/lorenzuttirurales.com.ar\/tienda\/?post_type=product&#038;p=2998"},"modified":"2023-03-15T13:32:21","modified_gmt":"2023-03-15T13:32:21","slug":"varillas-para-alambrado-suspendido","status":"publish","type":"product","link":"https:\/\/lorenzuttirurales.com.ar\/tienda\/producto\/varillas-para-alambrado-suspendido\/","title":{"rendered":"Varillas para Alambrado Suspendido"},"content":{"rendered":"<table class=\"fncx\" border=\"0\" width=\"100%\" cellspacing=\"3\" cellpadding=\"3\">\n<tbody>\n<tr bgcolor=\"#D1D2DE\">\n<td class=\"tx\">Denominaci\u00f3n Comercial<\/td>\n<td class=\"tx\">Longitud (cm)<\/td>\n<td class=\"tx\">Di\u00e1metro del alambre (mm)<\/td>\n<td class=\"tx\">Peso (gr)<\/td>\n<td class=\"tx\">Distancias entre hilos (cm)<\/td>\n<\/tr>\n<tr bgcolor=\"#E0E2DE\">\n<td class=\"tx\">3 hilos<\/td>\n<td class=\"tx\">60<\/td>\n<td class=\"tx\">4.00<\/td>\n<td class=\"tx\">97<\/td>\n<td class=\"tx\">30-30<\/td>\n<\/tr>\n<tr bgcolor=\"#E2B8B9\">\n<td class=\"tx\">4 hilos<\/td>\n<td class=\"tx\">75<\/td>\n<td class=\"tx\">4.00<\/td>\n<td class=\"tx\">121<\/td>\n<td class=\"tx\">25-25-25<\/td>\n<\/tr>\n<tr bgcolor=\"#E0E2DE\">\n<td class=\"tx\">5 hilos<\/td>\n<td class=\"tx\">84<\/td>\n<td class=\"tx\">4.00<\/td>\n<td class=\"tx\">139<\/td>\n<td class=\"tx\">21-21-21-21<\/td>\n<\/tr>\n<tr bgcolor=\"#E2B8B9\">\n<td class=\"tx\">6 hilos<\/td>\n<td class=\"tx\">95<\/td>\n<td class=\"tx\">4.00<\/td>\n<td class=\"tx\">160<\/td>\n<td class=\"tx\">21-21-21-16-16<\/td>\n<\/tr>\n<tr bgcolor=\"#E0E2DE\">\n<td class=\"tx\">7 hilos<\/td>\n<td class=\"tx\">105<\/td>\n<td class=\"tx\">4.00<\/td>\n<td class=\"tx\">184<\/td>\n<td class=\"tx\">20-20-20-15-15-15<\/td>\n<\/tr>\n<\/tbody>\n<\/table>\n","protected":false},"excerpt":{"rendered":"<p>Las modernas varillas de acero Abrojo \u00ae est\u00e1n protegidas por una capa de galvanizado electrol\u00edtico que les otorga la m\u00e1xima duraci\u00f3n.<\/p>\n<p>Su dise\u00f1o especial le permite una r\u00e1pida colocaci\u00f3n con la simple ayuda de un destornillador, sin necesidad de manearlas, a\u00fan con los alambres de p\u00faas.<br \/>\nAdem\u00e1s son livianas, f\u00e1ciles de transportar y no requieren de preparaci\u00f3n ni agujereado previo.<\/p>\n<p>Cabe destacar que las dos patas especiales de sus extremos las hacen absolutamente no deslizantes, a\u00fan con alambres lisos.<\/p>\n","protected":false},"featured_media":2999,"comment_status":"open","ping_status":"closed","template":"","meta":{"_joinchat":[]},"product_cat":[94,138],"product_tag":[],"_links":{"self":[{"href":"https:\/\/lorenzuttirurales.com.ar\/tienda\/wp-json\/wp\/v2\/product\/2998"}],"collection":[{"href":"https:\/\/lorenzuttirurales.com.ar\/tienda\/wp-json\/wp\/v2\/product"}],"about":[{"href":"https:\/\/lorenzuttirurales.com.ar\/tienda\/wp-json\/wp\/v2\/types\/product"}],"replies":[{"embeddable":true,"href":"https:\/\/lorenzuttirurales.com.ar\/tienda\/wp-json\/wp\/v2\/comments?post=2998"}],"wp:featuredmedia":[{"embeddable":true,"href":"https:\/\/lorenzuttirurales.com.ar\/tienda\/wp-json\/wp\/v2\/media\/2999"}],"wp:attachment":[{"href":"https:\/\/lorenzuttirurales.com.ar\/tienda\/wp-json\/wp\/v2\/media?parent=2998"}],"wp:term":[{"taxonomy":"product_cat","embeddable":true,"href":"https:\/\/lorenzuttirurales.com.ar\/tienda\/wp-json\/wp\/v2\/product_cat?post=2998"},{"taxonomy":"product_tag","embeddable":true,"href":"https:\/\/lorenzuttirurales.com.ar\/tienda\/wp-json\/wp\/v2\/product_tag?post=2998"}],"curies":[{"name":"wp","href":"https:\/\/api.w.org\/{rel}","templated":true}]}}