{"id":3067,"date":"2021-05-24T22:25:56","date_gmt":"2021-05-24T22:25:56","guid":{"rendered":"https:\/\/lorenzuttirurales.com.ar\/tienda\/?post_type=product&#038;p=3067"},"modified":"2021-05-24T22:26:13","modified_gmt":"2021-05-24T22:26:13","slug":"electrobomba-anauger-ang-6","status":"publish","type":"product","link":"https:\/\/lorenzuttirurales.com.ar\/tienda\/producto\/electrobomba-anauger-ang-6\/","title":{"rendered":"Electrobomba ANAUGER ANG 6"},"content":{"rendered":"<p><a href=\"http:\/\/www.anauger.com.ar\/admin\/uploads\/tecnicos\/ELECTROBOMBA_SUMERGIBLE_ANAUGER_6.pdf\">Manual en pdf<\/a><\/p>\n","protected":false},"excerpt":{"rendered":"<p>ELECTROBOMBA SUMERGIBLE ANG-6&#8243; CARACTER\u00cdSTICAS: CAUDAL MEDIO 3100 A 800 L\/H. Bomba Sumergible. Di\u00e1metro 6&#8243; USO: Extracci\u00f3n y Elevaci\u00f3n de Agua. Altura 50 mts.<\/p>\n","protected":false},"featured_media":3068,"comment_status":"open","ping_status":"closed","template":"","meta":{"_joinchat":[]},"product_cat":[111,112],"product_tag":[],"_links":{"self":[{"href":"https:\/\/lorenzuttirurales.com.ar\/tienda\/wp-json\/wp\/v2\/product\/3067"}],"collection":[{"href":"https:\/\/lorenzuttirurales.com.ar\/tienda\/wp-json\/wp\/v2\/product"}],"about":[{"href":"https:\/\/lorenzuttirurales.com.ar\/tienda\/wp-json\/wp\/v2\/types\/product"}],"replies":[{"embeddable":true,"href":"https:\/\/lorenzuttirurales.com.ar\/tienda\/wp-json\/wp\/v2\/comments?post=3067"}],"wp:featuredmedia":[{"embeddable":true,"href":"https:\/\/lorenzuttirurales.com.ar\/tienda\/wp-json\/wp\/v2\/media\/3068"}],"wp:attachment":[{"href":"https:\/\/lorenzuttirurales.com.ar\/tienda\/wp-json\/wp\/v2\/media?parent=3067"}],"wp:term":[{"taxonomy":"product_cat","embeddable":true,"href":"https:\/\/lorenzuttirurales.com.ar\/tienda\/wp-json\/wp\/v2\/product_cat?post=3067"},{"taxonomy":"product_tag","embeddable":true,"href":"https:\/\/lorenzuttirurales.com.ar\/tienda\/wp-json\/wp\/v2\/product_tag?post=3067"}],"curies":[{"name":"wp","href":"https:\/\/api.w.org\/{rel}","templated":true}]}}