{"id":3073,"date":"2021-05-24T22:30:33","date_gmt":"2021-05-24T22:30:33","guid":{"rendered":"https:\/\/lorenzuttirurales.com.ar\/tienda\/?post_type=product&#038;p=3073"},"modified":"2021-05-24T22:31:49","modified_gmt":"2021-05-24T22:31:49","slug":"electrobomba-anauger-ang-800","status":"publish","type":"product","link":"https:\/\/lorenzuttirurales.com.ar\/tienda\/producto\/electrobomba-anauger-ang-800\/","title":{"rendered":"Electrobomba ANAUGER ANG 800"},"content":{"rendered":"<p><a href=\"http:\/\/www.anauger.com.ar\/admin\/uploads\/pdf\/MANUAL_ANAUGER_800.pdf\">Manual en pdf<\/a><\/p>\n","protected":false},"excerpt":{"rendered":"<p>ELECTROBOMBA SUMERGIBLE ANG-800 CARACTER\u00cdSTICAS: CAUDAL MEDIO 2700 A 740 L\/H. BOMBA SUMERGIBLE. DI\u00c1METRO 8&#8243;. USO: EXTRACCI\u00d3N Y ELEVACI\u00d3N DE AGUA. ALTURA 65 MTS.<\/p>\n","protected":false},"featured_media":3075,"comment_status":"open","ping_status":"closed","template":"","meta":{"_joinchat":[]},"product_cat":[111,112],"product_tag":[],"_links":{"self":[{"href":"https:\/\/lorenzuttirurales.com.ar\/tienda\/wp-json\/wp\/v2\/product\/3073"}],"collection":[{"href":"https:\/\/lorenzuttirurales.com.ar\/tienda\/wp-json\/wp\/v2\/product"}],"about":[{"href":"https:\/\/lorenzuttirurales.com.ar\/tienda\/wp-json\/wp\/v2\/types\/product"}],"replies":[{"embeddable":true,"href":"https:\/\/lorenzuttirurales.com.ar\/tienda\/wp-json\/wp\/v2\/comments?post=3073"}],"wp:featuredmedia":[{"embeddable":true,"href":"https:\/\/lorenzuttirurales.com.ar\/tienda\/wp-json\/wp\/v2\/media\/3075"}],"wp:attachment":[{"href":"https:\/\/lorenzuttirurales.com.ar\/tienda\/wp-json\/wp\/v2\/media?parent=3073"}],"wp:term":[{"taxonomy":"product_cat","embeddable":true,"href":"https:\/\/lorenzuttirurales.com.ar\/tienda\/wp-json\/wp\/v2\/product_cat?post=3073"},{"taxonomy":"product_tag","embeddable":true,"href":"https:\/\/lorenzuttirurales.com.ar\/tienda\/wp-json\/wp\/v2\/product_tag?post=3073"}],"curies":[{"name":"wp","href":"https:\/\/api.w.org\/{rel}","templated":true}]}}