{"id":3089,"date":"2021-05-24T23:00:59","date_gmt":"2021-05-24T23:00:59","guid":{"rendered":"https:\/\/lorenzuttirurales.com.ar\/tienda\/?post_type=product&#038;p=3089"},"modified":"2021-05-24T23:02:26","modified_gmt":"2021-05-24T23:02:26","slug":"banmotors-dfvm60","status":"publish","type":"product","link":"https:\/\/lorenzuttirurales.com.ar\/tienda\/producto\/banmotors-dfvm60\/","title":{"rendered":"BANMOTORS DFVM60"},"content":{"rendered":"<p><a href=\"http:\/\/www.anauger.com.ar\/admin\/uploads\/tecnicos\/DATOS_TECNICOS_DFVm60.pdf\">Datos t\u00e9cnicos<\/a><\/p>\n<p><a href=\"http:\/\/www.anauger.com.ar\/admin\/uploads\/pdf\/MANUAL_BOMBAS_PERIFERICAS.pdf\">Manual en pdf<\/a><\/p>\n","protected":false},"excerpt":{"rendered":"<p>ELECTROBOMBA PERIFERICA BANMOTORS DFVM60 1\/2 HP CARACTER\u00cdSTICAS: CAUDAL MEDIO 36 LITROS\/MIN &#8211; ELEVACI\u00d3N 35 METROS. BOMBA PERIF\u00c9RICA CENTRIFUGA DE USO DOMICILIARIO. USO: EXTRACCI\u00d3N Y ELEVACI\u00d3N DE AGUA.<\/p>\n","protected":false},"featured_media":3090,"comment_status":"open","ping_status":"closed","template":"","meta":{"_joinchat":[]},"product_cat":[111,112],"product_tag":[],"_links":{"self":[{"href":"https:\/\/lorenzuttirurales.com.ar\/tienda\/wp-json\/wp\/v2\/product\/3089"}],"collection":[{"href":"https:\/\/lorenzuttirurales.com.ar\/tienda\/wp-json\/wp\/v2\/product"}],"about":[{"href":"https:\/\/lorenzuttirurales.com.ar\/tienda\/wp-json\/wp\/v2\/types\/product"}],"replies":[{"embeddable":true,"href":"https:\/\/lorenzuttirurales.com.ar\/tienda\/wp-json\/wp\/v2\/comments?post=3089"}],"wp:featuredmedia":[{"embeddable":true,"href":"https:\/\/lorenzuttirurales.com.ar\/tienda\/wp-json\/wp\/v2\/media\/3090"}],"wp:attachment":[{"href":"https:\/\/lorenzuttirurales.com.ar\/tienda\/wp-json\/wp\/v2\/media?parent=3089"}],"wp:term":[{"taxonomy":"product_cat","embeddable":true,"href":"https:\/\/lorenzuttirurales.com.ar\/tienda\/wp-json\/wp\/v2\/product_cat?post=3089"},{"taxonomy":"product_tag","embeddable":true,"href":"https:\/\/lorenzuttirurales.com.ar\/tienda\/wp-json\/wp\/v2\/product_tag?post=3089"}],"curies":[{"name":"wp","href":"https:\/\/api.w.org\/{rel}","templated":true}]}}