{"id":3091,"date":"2021-05-24T23:04:32","date_gmt":"2021-05-24T23:04:32","guid":{"rendered":"https:\/\/lorenzuttirurales.com.ar\/tienda\/?post_type=product&#038;p=3091"},"modified":"2021-05-24T23:04:33","modified_gmt":"2021-05-24T23:04:33","slug":"banmotors-bm20f","status":"publish","type":"product","link":"https:\/\/lorenzuttirurales.com.ar\/tienda\/producto\/banmotors-bm20f\/","title":{"rendered":"BANMOTORS BM20F"},"content":{"rendered":"<p><a href=\"http:\/\/www.anauger.com.ar\/admin\/uploads\/tecnicos\/MOTOBOMBAS_20_F_H_30F.pdf\">Datos t\u00e9cnicos<\/a><\/p>\n<p><a href=\"http:\/\/www.anauger.com.ar\/admin\/uploads\/pdf\/MANUAL_MOTOBOMBAS_BM20F_.pdf\">Manual en pdf<\/a><\/p>\n","protected":false},"excerpt":{"rendered":"<p>MOTOBOMBA BANMOTORS BM 20F CARACTER\u00cdSTICAS: MOTOBOMBA BANMOTORS 2&#8243; &#8211; MOTOR 4 TIEMPOS TIPO OHV, CAUDAL 36M3\/H &#8211; ASPIRACI\u00d3N 7 MTS &#8211; ELEVACI\u00d3N 23 MTS USO: INDUSTRIAL O AGR\u00cdCOLA.<\/p>\n","protected":false},"featured_media":3092,"comment_status":"open","ping_status":"closed","template":"","meta":{"_joinchat":[]},"product_cat":[111,112],"product_tag":[],"_links":{"self":[{"href":"https:\/\/lorenzuttirurales.com.ar\/tienda\/wp-json\/wp\/v2\/product\/3091"}],"collection":[{"href":"https:\/\/lorenzuttirurales.com.ar\/tienda\/wp-json\/wp\/v2\/product"}],"about":[{"href":"https:\/\/lorenzuttirurales.com.ar\/tienda\/wp-json\/wp\/v2\/types\/product"}],"replies":[{"embeddable":true,"href":"https:\/\/lorenzuttirurales.com.ar\/tienda\/wp-json\/wp\/v2\/comments?post=3091"}],"wp:featuredmedia":[{"embeddable":true,"href":"https:\/\/lorenzuttirurales.com.ar\/tienda\/wp-json\/wp\/v2\/media\/3092"}],"wp:attachment":[{"href":"https:\/\/lorenzuttirurales.com.ar\/tienda\/wp-json\/wp\/v2\/media?parent=3091"}],"wp:term":[{"taxonomy":"product_cat","embeddable":true,"href":"https:\/\/lorenzuttirurales.com.ar\/tienda\/wp-json\/wp\/v2\/product_cat?post=3091"},{"taxonomy":"product_tag","embeddable":true,"href":"https:\/\/lorenzuttirurales.com.ar\/tienda\/wp-json\/wp\/v2\/product_tag?post=3091"}],"curies":[{"name":"wp","href":"https:\/\/api.w.org\/{rel}","templated":true}]}}