{"id":3181,"date":"2023-02-09T21:56:38","date_gmt":"2023-02-09T21:56:38","guid":{"rendered":"https:\/\/lorenzuttirurales.com.ar\/tienda\/?post_type=product&#038;p=3181"},"modified":"2026-03-18T20:13:59","modified_gmt":"2026-03-18T20:13:59","slug":"alambre-cuadrangular-chanchero","status":"publish","type":"product","link":"https:\/\/lorenzuttirurales.com.ar\/tienda\/producto\/alambre-cuadrangular-chanchero\/","title":{"rendered":"Chanchero"},"content":{"rendered":"<p>El alambre tejido cuadrangular chanchero est\u00e1 confeccionado con alambres crudos longitudinales (de 2,64 mm de di\u00e1metro) -con un doblez especialmente dise\u00f1ado para que los pa\u00f1os se mantengan tensos y el\u00e1sticos- y transversalmente con alambres recocidos (de 2,03 mm de di\u00e1metro) \u201canudados\u201d a cada uno de los otros.<\/p>\n<p>Por ello, es especialmente indicado para porcinos, ciervos, cotos de caza, animales salvajes y todo tipo de hacienda ind\u00f3mita.<br \/>\nLa longitud del rollo es de 100 metros.<\/p>\n","protected":false},"excerpt":{"rendered":"<p>Alambre Tejido Chanchero rollo de 100 mts de largo<\/p>\n<p>Disponible en 0,71 mts 0,80 mts y 1,00 mts<\/p>\n","protected":false},"featured_media":3182,"comment_status":"open","ping_status":"closed","template":"","meta":{"_joinchat":[]},"product_cat":[56,114],"product_tag":[],"_links":{"self":[{"href":"https:\/\/lorenzuttirurales.com.ar\/tienda\/wp-json\/wp\/v2\/product\/3181"}],"collection":[{"href":"https:\/\/lorenzuttirurales.com.ar\/tienda\/wp-json\/wp\/v2\/product"}],"about":[{"href":"https:\/\/lorenzuttirurales.com.ar\/tienda\/wp-json\/wp\/v2\/types\/product"}],"replies":[{"embeddable":true,"href":"https:\/\/lorenzuttirurales.com.ar\/tienda\/wp-json\/wp\/v2\/comments?post=3181"}],"wp:featuredmedia":[{"embeddable":true,"href":"https:\/\/lorenzuttirurales.com.ar\/tienda\/wp-json\/wp\/v2\/media\/3182"}],"wp:attachment":[{"href":"https:\/\/lorenzuttirurales.com.ar\/tienda\/wp-json\/wp\/v2\/media?parent=3181"}],"wp:term":[{"taxonomy":"product_cat","embeddable":true,"href":"https:\/\/lorenzuttirurales.com.ar\/tienda\/wp-json\/wp\/v2\/product_cat?post=3181"},{"taxonomy":"product_tag","embeddable":true,"href":"https:\/\/lorenzuttirurales.com.ar\/tienda\/wp-json\/wp\/v2\/product_tag?post=3181"}],"curies":[{"name":"wp","href":"https:\/\/api.w.org\/{rel}","templated":true}]}}