{"id":3196,"date":"2023-02-09T23:18:00","date_gmt":"2023-02-09T23:18:00","guid":{"rendered":"https:\/\/lorenzuttirurales.com.ar\/tienda\/?post_type=product&#038;p=3196"},"modified":"2023-03-11T13:57:43","modified_gmt":"2023-03-11T13:57:43","slug":"poste-hierro-facon-acindar","status":"publish","type":"product","link":"https:\/\/lorenzuttirurales.com.ar\/tienda\/producto\/poste-hierro-facon-acindar\/","title":{"rendered":"Poste Hierro FACON ACINDAR"},"content":{"rendered":"<p>Los postes de acero <b>Fac\u00f3n \u00ae<\/b>\u00a0para alambrados tradicionales se caracterizan por su solidez a toda prueba.<\/p>\n<p>Su perfil de acero (SAE 1055) laminado en caliente de\u00a0<b>4 mm de espesor\u00a0<\/b>le otorga una total indiferencia a los esfuerzos, la lluvia, el sol, los hongos. el taladrillo, el fuego, etc. Nada lo afecta.<\/p>\n<p>Est\u00e1 dise\u00f1ado para economizar tiempo y dinero porque se coloca f\u00e1cilmente, y si usted cuenta con un <em>Aplicador de Postes ACINDAR (martinete)<\/em> de 12 Kg de peso, ni siquiera tendr\u00e1 necesidad de hacer pozos.<\/p>\n<p>Cabe destacar que los postes de acero\u00a0<b>Fac\u00f3n \u00ae<\/b>\u00a0vienen perforados de f\u00e1brica con agujeros de 7 mm de di\u00e1metro cada 5 cm.<\/p>\n","protected":false},"excerpt":{"rendered":"<p>Poste Hierro<\/p>\n<p>Medidas disponibles<\/p>\n<p>Largo: 1,80 mts;\u00a0 2,20 mts y 2,40 mts<\/p>\n","protected":false},"featured_media":3197,"comment_status":"open","ping_status":"closed","template":"","meta":{"_joinchat":[]},"product_cat":[15,123],"product_tag":[],"_links":{"self":[{"href":"https:\/\/lorenzuttirurales.com.ar\/tienda\/wp-json\/wp\/v2\/product\/3196"}],"collection":[{"href":"https:\/\/lorenzuttirurales.com.ar\/tienda\/wp-json\/wp\/v2\/product"}],"about":[{"href":"https:\/\/lorenzuttirurales.com.ar\/tienda\/wp-json\/wp\/v2\/types\/product"}],"replies":[{"embeddable":true,"href":"https:\/\/lorenzuttirurales.com.ar\/tienda\/wp-json\/wp\/v2\/comments?post=3196"}],"wp:featuredmedia":[{"embeddable":true,"href":"https:\/\/lorenzuttirurales.com.ar\/tienda\/wp-json\/wp\/v2\/media\/3197"}],"wp:attachment":[{"href":"https:\/\/lorenzuttirurales.com.ar\/tienda\/wp-json\/wp\/v2\/media?parent=3196"}],"wp:term":[{"taxonomy":"product_cat","embeddable":true,"href":"https:\/\/lorenzuttirurales.com.ar\/tienda\/wp-json\/wp\/v2\/product_cat?post=3196"},{"taxonomy":"product_tag","embeddable":true,"href":"https:\/\/lorenzuttirurales.com.ar\/tienda\/wp-json\/wp\/v2\/product_tag?post=3196"}],"curies":[{"name":"wp","href":"https:\/\/api.w.org\/{rel}","templated":true}]}}