{"id":3217,"date":"2023-02-24T19:51:47","date_gmt":"2023-02-24T19:51:47","guid":{"rendered":"https:\/\/lorenzuttirurales.com.ar\/tienda\/?post_type=product&#038;p=3217"},"modified":"2023-03-11T15:51:12","modified_gmt":"2023-03-11T15:51:12","slug":"manta-termica-antihelada","status":"publish","type":"product","link":"https:\/\/lorenzuttirurales.com.ar\/tienda\/producto\/manta-termica-antihelada\/","title":{"rendered":"Manta T\u00e9rmica Antihelada"},"content":{"rendered":"<div id=\"x-section-3\" class=\"x-section\">\n<div class=\"x-container max width\">\n<div class=\"x-column x-sm x-1-2\">\n<h3 class=\"h-custom-headline cs-ta-center h3 accent\">VENTAJAS<\/h3>\n<\/div>\n<\/div>\n<div class=\"x-container max width\">\n<div class=\"x-column x-sm x-1-2\">\n<ul class=\"x-ul-icons\">\n<li class=\"x-li-icon\"><i class=\"x-icon-check\" data-x-icon=\"\uf00c\" aria-hidden=\"true\"><\/i>Permite el paso del agua<\/li>\n<li class=\"x-li-icon\"><i class=\"x-icon-check\" data-x-icon=\"\uf00c\" aria-hidden=\"true\"><\/i>Protege contra insectos, aves etc.<\/li>\n<li class=\"x-li-icon\"><i class=\"x-icon-check\" data-x-icon=\"\uf00c\" aria-hidden=\"true\"><\/i>No requiere de estructuras para su colocaci\u00f3n<\/li>\n<li class=\"x-li-icon\"><i class=\"x-icon-check\" data-x-icon=\"\uf00c\" aria-hidden=\"true\"><\/i>Minimiza el da\u00f1o causado por lluvias fuertes, granizo y temporales<\/li>\n<li class=\"x-li-icon\"><i class=\"x-icon-check\" data-x-icon=\"\uf00c\" aria-hidden=\"true\"><\/i>Crea un clima uniforme, previniendo el resecamiento y retorcimiento de las plantas<\/li>\n<li class=\"x-li-icon\"><i class=\"x-icon-check\" data-x-icon=\"\uf00c\" aria-hidden=\"true\"><\/i>Adapta la \u00e9poca de sembrado: cultivos m\u00e1s precoces, abundantes y de mayor calidad<\/li>\n<li class=\"x-li-icon\"><i class=\"x-icon-check\" data-x-icon=\"\uf00c\" aria-hidden=\"true\"><\/i>Permite una ventilaci\u00f3n uniforme, mejorando el crecimiento y precocidad de las plantas<\/li>\n<li class=\"x-li-icon\"><i class=\"x-icon-check\" data-x-icon=\"\uf00c\" aria-hidden=\"true\"><\/i>Permeable al ox\u00edgeno: evita el exceso de humedad dentro del t\u00fanel y la consecuente aparici\u00f3n de enfermedades f\u00fangicas.<\/li>\n<\/ul>\n<p>&nbsp;<\/p>\n<\/div>\n<div class=\"x-column x-sm x-1-2\"><\/div>\n<\/div>\n<\/div>\n<div id=\"x-section-4\" class=\"x-section\">\n<div class=\"x-container max width\">\n<div class=\"x-column x-sm x-1-2\">\n<h3 class=\"h-custom-headline cs-ta-center h3 accent\">DATOS T\u00c9CNICOS<\/h3>\n<\/div>\n<\/div>\n<div class=\"x-container max width\">\n<div class=\"x-column x-sm x-1-4\">\n<ul class=\"x-ul-icons\">\n<li class=\"x-li-icon\"><i class=\"x-icon-chevron-right\" data-x-icon=\"\uf054\" aria-hidden=\"true\"><\/i>Resistencia MD (Machine Direction) 1,25 kg \/ 2,5 cm 1,25<\/li>\n<li class=\"x-li-icon\"><i class=\"x-icon-chevron-right\" data-x-icon=\"\uf054\" aria-hidden=\"true\"><\/i>Resistencia CD (Cross Direction) 1,1 kg \/ 2,5 cm<\/li>\n<li class=\"x-li-icon\"><i class=\"x-icon-chevron-right\" data-x-icon=\"\uf054\" aria-hidden=\"true\"><\/i>Elongaci\u00f3n MD 55%<\/li>\n<li class=\"x-li-icon\"><i class=\"x-icon-chevron-right\" data-x-icon=\"\uf054\" aria-hidden=\"true\"><\/i>Elongaci\u00f3n CD 60%<\/li>\n<li class=\"x-li-icon\"><i class=\"x-icon-chevron-right\" data-x-icon=\"\uf054\" aria-hidden=\"true\"><\/i>Gramaje 16 g\/m2<\/li>\n<\/ul>\n<\/div>\n<div class=\"x-column x-sm x-1-4\">\n<ul class=\"x-ul-icons\">\n<li class=\"x-li-icon\"><i class=\"x-icon-chevron-right\" data-x-icon=\"\uf054\" aria-hidden=\"true\"><\/i>Trasl\u00facida a rayos solares en un 92%<\/li>\n<li class=\"x-li-icon\"><i class=\"x-icon-chevron-right\" data-x-icon=\"\uf054\" aria-hidden=\"true\"><\/i>Pentacapa, con excelente resistencia mec\u00e1nica<\/li>\n<li class=\"x-li-icon\"><i class=\"x-icon-chevron-right\" data-x-icon=\"\uf054\" aria-hidden=\"true\"><\/i>Protege de temperaturas de hasta -5\u00b0C<\/li>\n<li class=\"x-li-icon\"><i class=\"x-icon-chevron-right\" data-x-icon=\"\uf054\" aria-hidden=\"true\"><\/i>Colocaci\u00f3n manual o mec\u00e1nica<\/li>\n<li class=\"x-li-icon\"><i class=\"x-icon-chevron-right\" data-x-icon=\"\uf054\" aria-hidden=\"true\"><\/i>Con protecci\u00f3n UV<\/li>\n<\/ul>\n<\/div>\n<div class=\"x-column x-sm x-1-2\">\n<div class=\"x-text\">\n<p>Fabricada con filamentos continuos interligados a trav\u00e9s de un proceso de calandrado en caliente (tejido-no-tejido). \u00danica en el mercado con 5 capas, la mejor distribuci\u00f3n de sus fibras le otorga mayor resistencia mec\u00e1nica y una mejor protecci\u00f3n contra las heladas. Evita la aparici\u00f3n de \u201cmanchones\u201d o \u201cnubes\u201d en el tejido con menos material.<\/p>\n<\/div>\n<\/div>\n<\/div>\n<\/div>\n","protected":false},"excerpt":{"rendered":"<p>Tejido no-tejido de polipropileno pentacapa para protecci\u00f3n de heladas, insectos y deshidrataci\u00f3n en agricultura, horticultura, fruticultura, viveros, plantas y jardiner\u00eda en el hogar. F\u00e1cil de colocar y manipular, es liviana, de bajo costo e inofensiva para el medio ambiente y las plantas. Trasl\u00facida a los rayos solares en un 92%. Protege de temperaturas de hasta -5\u00b0C.<br \/>\nReutilizable en varias temporadas.<\/p>\n<p>Disponible en 1,40; 2,00; 2,40; 2,80 y 4,00 mts de ancho x 1.000 mts de largo.<\/p>\n","protected":false},"featured_media":3218,"comment_status":"open","ping_status":"closed","template":"","meta":{"_joinchat":[]},"product_cat":[85,134],"product_tag":[],"_links":{"self":[{"href":"https:\/\/lorenzuttirurales.com.ar\/tienda\/wp-json\/wp\/v2\/product\/3217"}],"collection":[{"href":"https:\/\/lorenzuttirurales.com.ar\/tienda\/wp-json\/wp\/v2\/product"}],"about":[{"href":"https:\/\/lorenzuttirurales.com.ar\/tienda\/wp-json\/wp\/v2\/types\/product"}],"replies":[{"embeddable":true,"href":"https:\/\/lorenzuttirurales.com.ar\/tienda\/wp-json\/wp\/v2\/comments?post=3217"}],"wp:featuredmedia":[{"embeddable":true,"href":"https:\/\/lorenzuttirurales.com.ar\/tienda\/wp-json\/wp\/v2\/media\/3218"}],"wp:attachment":[{"href":"https:\/\/lorenzuttirurales.com.ar\/tienda\/wp-json\/wp\/v2\/media?parent=3217"}],"wp:term":[{"taxonomy":"product_cat","embeddable":true,"href":"https:\/\/lorenzuttirurales.com.ar\/tienda\/wp-json\/wp\/v2\/product_cat?post=3217"},{"taxonomy":"product_tag","embeddable":true,"href":"https:\/\/lorenzuttirurales.com.ar\/tienda\/wp-json\/wp\/v2\/product_tag?post=3217"}],"curies":[{"name":"wp","href":"https:\/\/api.w.org\/{rel}","templated":true}]}}