{"id":3324,"date":"2023-02-28T13:20:13","date_gmt":"2023-02-28T13:20:13","guid":{"rendered":"https:\/\/lorenzuttirurales.com.ar\/tienda\/?post_type=product&#038;p=3324"},"modified":"2023-02-28T14:35:04","modified_gmt":"2023-02-28T14:35:04","slug":"torniquete-mini-cincado","status":"publish","type":"product","link":"https:\/\/lorenzuttirurales.com.ar\/tienda\/producto\/torniquete-mini-cincado\/","title":{"rendered":"Torniquete Mini Cincada"},"content":{"rendered":"","protected":false},"excerpt":{"rendered":"<p>El torniquete TV o Mini Cincado se utiliza para alambrados ol\u00edmpicos, cercos perimetrales, obras viales, el\u00e9ctricos y vi\u00f1edos.<br \/>\nSon altamente resistentes, con su sistema de traba y ajuste, su instalac\u00ed\u00f3n es sencilla y pr\u00e1ctica.<\/p>\n<p>Presentacion: Cincadas.<\/p>\n","protected":false},"featured_media":3325,"comment_status":"open","ping_status":"closed","template":"","meta":{"_joinchat":[]},"product_cat":[95],"product_tag":[],"_links":{"self":[{"href":"https:\/\/lorenzuttirurales.com.ar\/tienda\/wp-json\/wp\/v2\/product\/3324"}],"collection":[{"href":"https:\/\/lorenzuttirurales.com.ar\/tienda\/wp-json\/wp\/v2\/product"}],"about":[{"href":"https:\/\/lorenzuttirurales.com.ar\/tienda\/wp-json\/wp\/v2\/types\/product"}],"replies":[{"embeddable":true,"href":"https:\/\/lorenzuttirurales.com.ar\/tienda\/wp-json\/wp\/v2\/comments?post=3324"}],"wp:featuredmedia":[{"embeddable":true,"href":"https:\/\/lorenzuttirurales.com.ar\/tienda\/wp-json\/wp\/v2\/media\/3325"}],"wp:attachment":[{"href":"https:\/\/lorenzuttirurales.com.ar\/tienda\/wp-json\/wp\/v2\/media?parent=3324"}],"wp:term":[{"taxonomy":"product_cat","embeddable":true,"href":"https:\/\/lorenzuttirurales.com.ar\/tienda\/wp-json\/wp\/v2\/product_cat?post=3324"},{"taxonomy":"product_tag","embeddable":true,"href":"https:\/\/lorenzuttirurales.com.ar\/tienda\/wp-json\/wp\/v2\/product_tag?post=3324"}],"curies":[{"name":"wp","href":"https:\/\/api.w.org\/{rel}","templated":true}]}}