{"id":3404,"date":"2023-03-09T20:38:25","date_gmt":"2023-03-09T20:38:25","guid":{"rendered":"https:\/\/lorenzuttirurales.com.ar\/tienda\/?post_type=product&#038;p=3404"},"modified":"2023-03-13T13:07:09","modified_gmt":"2023-03-13T13:07:09","slug":"hoyadora-65-hp","status":"publish","type":"product","link":"https:\/\/lorenzuttirurales.com.ar\/tienda\/producto\/hoyadora-65-hp\/","title":{"rendered":"Hoyadora 6,5 Hp"},"content":{"rendered":"<section class=\"my-8\">\n<h2 class=\"text-2xl font-bold mb-2 underline-orange\">Ficha T\u00e9cnica<\/h2>\n<ul>\n<li class=\"flex items-start justify-between\">Motor<span class=\"text-orange-500 font-mono text-right\">4 tiempos 6.5 HP a 3600 rpm<\/span><\/li>\n<li class=\"flex items-start justify-between\">Cilindrada<span class=\"text-orange-500 font-mono text-right\">190 cc<\/span><\/li>\n<li class=\"flex items-start justify-between\">Peso<span class=\"text-orange-500 font-mono text-right\">25 kg<\/span><\/li>\n<li class=\"flex items-start justify-between\">Tanque de combustible<span class=\"text-orange-500 font-mono text-right\">1,5 L<\/span><\/li>\n<li class=\"flex items-start justify-between\">Ignici\u00f3n<span class=\"text-orange-500 font-mono text-right\">Electr\u00f3nica<\/span><\/li>\n<li class=\"flex items-start justify-between\">Giro de mecha<span class=\"text-orange-500 font-mono text-right\">80 a 170 rpm<\/span><\/li>\n<li class=\"flex items-start justify-between\">Mechas<strong> (no vienen incluidas)<\/strong>: 2\u201d, 4\u201d, 6\u201d, 8\u201d, 10\u201d, 12\u201d, 14\u201d<\/li>\n<li class=\"flex items-start justify-between\">Embrague de (3) zapatas &#8211; Servicio Pesado<\/li>\n<li class=\"flex items-start justify-between\">Doble reducci\u00f3n<\/li>\n<li class=\"flex items-start justify-between\">Eje salida de caja 1\u201d<\/li>\n<\/ul>\n<\/section>\n<section class=\"my-8\">\n<h2 class=\"text-2xl font-bold underline-orange mb-2\">Accesorios Mechas Especiales<\/h2>\n<ul class=\"bullet-list\">\n<li>Mechas para colocaci\u00f3n de JABALINAS (10 mts de long x 3\u201d de di\u00e1m.)<\/li>\n<li>Mechas para pilotines de 280&#215;2000 mm<\/li>\n<li>Mechas para postes de telecomunicaciones de 330&#215;1700 mm<\/li>\n<\/ul>\n<\/section>\n","protected":false},"excerpt":{"rendered":"<p>Moto Hoyadora 6,5 hp<\/p>\n<p>La hoyadora Seery es una m\u00e1quina profesional. Una eficaz amortiguaci\u00f3n de vibraciones le permite trabajar en jornadas ininterrupidas. Adem\u00e1s, con su s\u00f3lida construcci\u00f3n permite realizar tareas duras durante largos per\u00edodos. Est\u00e1 potenciada con un motor de 4 tiempos que permite obtener un elevado torque a pocas revoluciones.<\/p>\n<p>&nbsp;<\/p>\n","protected":false},"featured_media":3405,"comment_status":"open","ping_status":"closed","template":"","meta":{"_joinchat":[]},"product_cat":[89],"product_tag":[],"_links":{"self":[{"href":"https:\/\/lorenzuttirurales.com.ar\/tienda\/wp-json\/wp\/v2\/product\/3404"}],"collection":[{"href":"https:\/\/lorenzuttirurales.com.ar\/tienda\/wp-json\/wp\/v2\/product"}],"about":[{"href":"https:\/\/lorenzuttirurales.com.ar\/tienda\/wp-json\/wp\/v2\/types\/product"}],"replies":[{"embeddable":true,"href":"https:\/\/lorenzuttirurales.com.ar\/tienda\/wp-json\/wp\/v2\/comments?post=3404"}],"wp:featuredmedia":[{"embeddable":true,"href":"https:\/\/lorenzuttirurales.com.ar\/tienda\/wp-json\/wp\/v2\/media\/3405"}],"wp:attachment":[{"href":"https:\/\/lorenzuttirurales.com.ar\/tienda\/wp-json\/wp\/v2\/media?parent=3404"}],"wp:term":[{"taxonomy":"product_cat","embeddable":true,"href":"https:\/\/lorenzuttirurales.com.ar\/tienda\/wp-json\/wp\/v2\/product_cat?post=3404"},{"taxonomy":"product_tag","embeddable":true,"href":"https:\/\/lorenzuttirurales.com.ar\/tienda\/wp-json\/wp\/v2\/product_tag?post=3404"}],"curies":[{"name":"wp","href":"https:\/\/api.w.org\/{rel}","templated":true}]}}