{"id":3422,"date":"2023-03-13T13:14:59","date_gmt":"2023-03-13T13:14:59","guid":{"rendered":"https:\/\/lorenzuttirurales.com.ar\/tienda\/?post_type=product&#038;p=3422"},"modified":"2023-03-13T13:15:00","modified_gmt":"2023-03-13T13:15:00","slug":"moto-taladro-26-cc","status":"publish","type":"product","link":"https:\/\/lorenzuttirurales.com.ar\/tienda\/producto\/moto-taladro-26-cc\/","title":{"rendered":"Moto Taladro 26 cc"},"content":{"rendered":"<h2 class=\"text-2xl font-bold mb-2 underline-orange\">Ficha T\u00e9cnica<\/h2>\n<ul>\n<li class=\"flex items-start justify-between\">Cilindrada<span class=\"text-orange-500 font-mono text-right\">26 cc<\/span><\/li>\n<li class=\"flex items-start justify-between\">Encendido<span class=\"text-orange-500 font-mono text-right\">Electr\u00f3nico<\/span><\/li>\n<li class=\"flex items-start justify-between\">Capacidad del dep\u00f3sito<span class=\"text-orange-500 font-mono text-right\">560 cc<\/span><\/li>\n<li class=\"flex items-start justify-between\">Arranque<span class=\"text-orange-500 font-mono text-right\">Retr\u00e1ctil<\/span><\/li>\n<li class=\"flex items-start justify-between\">Potencia<span class=\"text-orange-500 font-mono text-right\">1.2 hp<\/span><\/li>\n<li class=\"flex items-start justify-between\">Reducci\u00f3n<span class=\"text-orange-500 font-mono text-right\">23:1<\/span><\/li>\n<li class=\"flex items-start justify-between\">Empu\u00f1adura Ajustable<span class=\"text-orange-500 font-mono text-right\">2 posiciones<\/span><\/li>\n<li class=\"flex items-start justify-between\">Capacidad de Mandril<span class=\"text-orange-500 font-mono text-right\">13 mm<\/span><\/li>\n<li class=\"flex items-start justify-between\">Peso<span class=\"text-orange-500 font-mono text-right\">5,5 kg<\/span><\/li>\n<li class=\"flex items-start justify-between\">Mando de Embrague Centr\u00edfugo<\/li>\n<li class=\"flex items-start justify-between\">Motor monocil\u00edndrico refrigerado por aire<\/li>\n<li class=\"flex items-start justify-between\">Carburador a membrana<\/li>\n<li class=\"flex items-start justify-between\">Mezcla del 5 % (20:1)<\/li>\n<\/ul>\n","protected":false},"excerpt":{"rendered":"<p>Mototaladro MT 26<\/p>\n<p>El mototaladro Seery est\u00e1 dise\u00f1ado para uso profesional, su s\u00f3lida construcci\u00f3n permite realizar tareas duras durante largos per\u00edodos. Est\u00e1 potenciado con motores 2 tiempos que permiten operar en infinitas posiciones y a su vez complementan un equipo ergon\u00f3mico y s\u00faper liviano.<\/p>\n","protected":false},"featured_media":3423,"comment_status":"open","ping_status":"closed","template":"","meta":{"_joinchat":[]},"product_cat":[89],"product_tag":[],"_links":{"self":[{"href":"https:\/\/lorenzuttirurales.com.ar\/tienda\/wp-json\/wp\/v2\/product\/3422"}],"collection":[{"href":"https:\/\/lorenzuttirurales.com.ar\/tienda\/wp-json\/wp\/v2\/product"}],"about":[{"href":"https:\/\/lorenzuttirurales.com.ar\/tienda\/wp-json\/wp\/v2\/types\/product"}],"replies":[{"embeddable":true,"href":"https:\/\/lorenzuttirurales.com.ar\/tienda\/wp-json\/wp\/v2\/comments?post=3422"}],"wp:featuredmedia":[{"embeddable":true,"href":"https:\/\/lorenzuttirurales.com.ar\/tienda\/wp-json\/wp\/v2\/media\/3423"}],"wp:attachment":[{"href":"https:\/\/lorenzuttirurales.com.ar\/tienda\/wp-json\/wp\/v2\/media?parent=3422"}],"wp:term":[{"taxonomy":"product_cat","embeddable":true,"href":"https:\/\/lorenzuttirurales.com.ar\/tienda\/wp-json\/wp\/v2\/product_cat?post=3422"},{"taxonomy":"product_tag","embeddable":true,"href":"https:\/\/lorenzuttirurales.com.ar\/tienda\/wp-json\/wp\/v2\/product_tag?post=3422"}],"curies":[{"name":"wp","href":"https:\/\/api.w.org\/{rel}","templated":true}]}}