{"id":3454,"date":"2023-03-14T22:17:54","date_gmt":"2023-03-14T22:17:54","guid":{"rendered":"https:\/\/lorenzuttirurales.com.ar\/tienda\/?post_type=product&#038;p=3454"},"modified":"2023-03-15T12:07:52","modified_gmt":"2023-03-15T12:07:52","slug":"malla-para-rollo-3-600-mts","status":"publish","type":"product","link":"https:\/\/lorenzuttirurales.com.ar\/tienda\/producto\/malla-para-rollo-3-600-mts\/","title":{"rendered":"Malla para Rollo 3.600 mts"},"content":{"rendered":"","protected":false},"excerpt":{"rendered":"<p>Malla est\u00e1ndar Optinet<\/p>\n<p>Es la soluci\u00f3n \u00f3ptima adecuada para todos los cultivos. Si est\u00e1s buscando un envoltorio de red para los rollos de alta calidad con mejores propiedades mec\u00e1nicas comparado con otras soluciones est\u00e1ndar de otros fabricantes sin necesidad de gastar una fortuna. Optinet es la respuesta.<\/p>\n<p>Rollos largas de hasta 3.600 mts. asas para manipuleo.<\/p>\n<p>Ancho disponible:<\/p>\n<ul>\n<li>1,23 x 3.600 41,6 kg<\/li>\n<li>1,30 x 3.600 44 kg<\/li>\n<\/ul>\n","protected":false},"featured_media":3455,"comment_status":"open","ping_status":"closed","template":"","meta":{"_joinchat":[]},"product_cat":[113,136],"product_tag":[],"_links":{"self":[{"href":"https:\/\/lorenzuttirurales.com.ar\/tienda\/wp-json\/wp\/v2\/product\/3454"}],"collection":[{"href":"https:\/\/lorenzuttirurales.com.ar\/tienda\/wp-json\/wp\/v2\/product"}],"about":[{"href":"https:\/\/lorenzuttirurales.com.ar\/tienda\/wp-json\/wp\/v2\/types\/product"}],"replies":[{"embeddable":true,"href":"https:\/\/lorenzuttirurales.com.ar\/tienda\/wp-json\/wp\/v2\/comments?post=3454"}],"wp:featuredmedia":[{"embeddable":true,"href":"https:\/\/lorenzuttirurales.com.ar\/tienda\/wp-json\/wp\/v2\/media\/3455"}],"wp:attachment":[{"href":"https:\/\/lorenzuttirurales.com.ar\/tienda\/wp-json\/wp\/v2\/media?parent=3454"}],"wp:term":[{"taxonomy":"product_cat","embeddable":true,"href":"https:\/\/lorenzuttirurales.com.ar\/tienda\/wp-json\/wp\/v2\/product_cat?post=3454"},{"taxonomy":"product_tag","embeddable":true,"href":"https:\/\/lorenzuttirurales.com.ar\/tienda\/wp-json\/wp\/v2\/product_tag?post=3454"}],"curies":[{"name":"wp","href":"https:\/\/api.w.org\/{rel}","templated":true}]}}