{"id":3766,"date":"2024-12-19T14:23:05","date_gmt":"2024-12-19T14:23:05","guid":{"rendered":"https:\/\/lorenzuttirurales.com.ar\/tienda\/?post_type=product&#038;p=3766"},"modified":"2026-03-19T19:43:27","modified_gmt":"2026-03-19T19:43:27","slug":"fogonero-circular-ares","status":"publish","type":"product","link":"https:\/\/lorenzuttirurales.com.ar\/tienda\/producto\/fogonero-circular-ares\/","title":{"rendered":"Fogonero Circular Ares"},"content":{"rendered":"","protected":false},"excerpt":{"rendered":"<p style=\"font-weight: 400;\"><span style=\"font-weight: 500;\">Convert\u00ed cualquier espacio en un punto de encuentro donde celebrar la pasi\u00f3n por la cocina y la alegr\u00eda de compartir experiencias \u00fanicas alrededor del fuego.<\/span><\/p>\n<p style=\"font-weight: 400;\"><b>Caracter\u00edsticas:\u00a0<\/b><\/p>\n<p style=\"font-weight: 400;\"><span style=\"font-weight: 500;\">-Fogonero circular con patas encastrables constru\u00eddo en chapa de \u215b\u00a0 (3.2 mm)<\/span><\/p>\n<p style=\"font-weight: 400;\"><span style=\"font-weight: 500;\">-Medidas: 40 cm. de alto, 97 cm. de di\u00e1metro, 7 cm de profundidad.<\/span><\/p>\n<p style=\"font-weight: 400;\"><b>Incluye:<\/b><\/p>\n<p style=\"font-weight: 400;\"><span style=\"font-weight: 500;\">-Parrilla giratoria y desmontable &#8211; 48 cm. <\/span><\/p>\n<p style=\"font-weight: 400;\"><span style=\"font-weight: 500;\">-Estaca cruz &#8211; 70 x 50 cm. de 3 posiciones.<\/span><\/p>\n<p style=\"font-weight: 400;\"><span style=\"font-weight: 500;\">-Plancheta &#8211; 45 x 25 cm. con 4 patas desmontables.<\/span><\/p>\n<p style=\"font-weight: 400;\"><span style=\"font-weight: 500;\">-4 patas regulables y desmontables de hierro.<\/span><\/p>\n<p style=\"font-weight: 400;\"><span style=\"font-weight: 500;\">-Pintura: negro mate.<\/span><\/p>\n","protected":false},"featured_media":3767,"comment_status":"open","ping_status":"closed","template":"","meta":{"_joinchat":[]},"product_cat":[141],"product_tag":[],"_links":{"self":[{"href":"https:\/\/lorenzuttirurales.com.ar\/tienda\/wp-json\/wp\/v2\/product\/3766"}],"collection":[{"href":"https:\/\/lorenzuttirurales.com.ar\/tienda\/wp-json\/wp\/v2\/product"}],"about":[{"href":"https:\/\/lorenzuttirurales.com.ar\/tienda\/wp-json\/wp\/v2\/types\/product"}],"replies":[{"embeddable":true,"href":"https:\/\/lorenzuttirurales.com.ar\/tienda\/wp-json\/wp\/v2\/comments?post=3766"}],"wp:featuredmedia":[{"embeddable":true,"href":"https:\/\/lorenzuttirurales.com.ar\/tienda\/wp-json\/wp\/v2\/media\/3767"}],"wp:attachment":[{"href":"https:\/\/lorenzuttirurales.com.ar\/tienda\/wp-json\/wp\/v2\/media?parent=3766"}],"wp:term":[{"taxonomy":"product_cat","embeddable":true,"href":"https:\/\/lorenzuttirurales.com.ar\/tienda\/wp-json\/wp\/v2\/product_cat?post=3766"},{"taxonomy":"product_tag","embeddable":true,"href":"https:\/\/lorenzuttirurales.com.ar\/tienda\/wp-json\/wp\/v2\/product_tag?post=3766"}],"curies":[{"name":"wp","href":"https:\/\/api.w.org\/{rel}","templated":true}]}}