{"id":3799,"date":"2024-12-20T14:30:21","date_gmt":"2024-12-20T14:30:21","guid":{"rendered":"https:\/\/lorenzuttirurales.com.ar\/tienda\/?post_type=product&#038;p=3799"},"modified":"2026-03-18T20:16:55","modified_gmt":"2026-03-18T20:16:55","slug":"disco-para-cocinar-con-tapa","status":"publish","type":"product","link":"https:\/\/lorenzuttirurales.com.ar\/tienda\/producto\/disco-para-cocinar-con-tapa\/","title":{"rendered":"Disco para cocinar con tapa."},"content":{"rendered":"","protected":false},"excerpt":{"rendered":"<p dir=\"ltr\" role=\"presentation\"><strong>Dale un sabor especial a tus reuniones culinarias preparando exquisiteses con nuestros discos.<\/strong><\/p>\n<p dir=\"ltr\" role=\"presentation\">Eleg\u00ed el tama\u00f1o que m\u00e1s se adapte a vos.<\/p>\n<ul>\n<li dir=\"ltr\" role=\"presentation\"><strong>Disco para cocinar.<\/strong>\u00a0Chapa de 1\/8,\u00a0 profundidad de 6,5 cm. y patas desmontables.<\/li>\n<\/ul>\n","protected":false},"featured_media":3802,"comment_status":"open","ping_status":"closed","template":"","meta":{"_joinchat":[]},"product_cat":[142],"product_tag":[],"_links":{"self":[{"href":"https:\/\/lorenzuttirurales.com.ar\/tienda\/wp-json\/wp\/v2\/product\/3799"}],"collection":[{"href":"https:\/\/lorenzuttirurales.com.ar\/tienda\/wp-json\/wp\/v2\/product"}],"about":[{"href":"https:\/\/lorenzuttirurales.com.ar\/tienda\/wp-json\/wp\/v2\/types\/product"}],"replies":[{"embeddable":true,"href":"https:\/\/lorenzuttirurales.com.ar\/tienda\/wp-json\/wp\/v2\/comments?post=3799"}],"wp:featuredmedia":[{"embeddable":true,"href":"https:\/\/lorenzuttirurales.com.ar\/tienda\/wp-json\/wp\/v2\/media\/3802"}],"wp:attachment":[{"href":"https:\/\/lorenzuttirurales.com.ar\/tienda\/wp-json\/wp\/v2\/media?parent=3799"}],"wp:term":[{"taxonomy":"product_cat","embeddable":true,"href":"https:\/\/lorenzuttirurales.com.ar\/tienda\/wp-json\/wp\/v2\/product_cat?post=3799"},{"taxonomy":"product_tag","embeddable":true,"href":"https:\/\/lorenzuttirurales.com.ar\/tienda\/wp-json\/wp\/v2\/product_tag?post=3799"}],"curies":[{"name":"wp","href":"https:\/\/api.w.org\/{rel}","templated":true}]}}