{"id":3816,"date":"2024-12-20T14:43:36","date_gmt":"2024-12-20T14:43:36","guid":{"rendered":"https:\/\/lorenzuttirurales.com.ar\/tienda\/?post_type=product&#038;p=3816"},"modified":"2026-03-19T19:45:51","modified_gmt":"2026-03-19T19:45:51","slug":"parrilla-portatil-papa","status":"publish","type":"product","link":"https:\/\/lorenzuttirurales.com.ar\/tienda\/producto\/parrilla-portatil-papa\/","title":{"rendered":"Parrilla Port\u00e1til Pap\u00e1"},"content":{"rendered":"","protected":false},"excerpt":{"rendered":"<p><span lang=\"EN-US\">Especial para pap\u00e1.<\/span><\/p>\n<p><span lang=\"EN-US\">Ac\u00e1 o all\u00e1, el amor de pap\u00e1 siempre esta. Llevalo a donde quieras con esta parrilla especial para su d\u00eda.<\/span><\/p>\n<p>&nbsp;<\/p>\n<p><strong>Caracter\u00edsticas:\u00a0<\/strong><\/p>\n<p>-Viene en una caja transportadora de 62 cm x 20 cm, con la leyenda\u00a0<strong>\u201cGracias por tanto P\u00e1, feliz d\u00eda!\u201d<\/strong><\/p>\n<p>-Esta conformada por 9 piezas encastrables que conforman la parrilla.<\/p>\n<p>-Altura 15 cm, largo 55 cm, ancho 27 cm.<\/p>\n<p>&nbsp;<\/p>\n","protected":false},"featured_media":3817,"comment_status":"open","ping_status":"closed","template":"","meta":{"_joinchat":[]},"product_cat":[142],"product_tag":[],"_links":{"self":[{"href":"https:\/\/lorenzuttirurales.com.ar\/tienda\/wp-json\/wp\/v2\/product\/3816"}],"collection":[{"href":"https:\/\/lorenzuttirurales.com.ar\/tienda\/wp-json\/wp\/v2\/product"}],"about":[{"href":"https:\/\/lorenzuttirurales.com.ar\/tienda\/wp-json\/wp\/v2\/types\/product"}],"replies":[{"embeddable":true,"href":"https:\/\/lorenzuttirurales.com.ar\/tienda\/wp-json\/wp\/v2\/comments?post=3816"}],"wp:featuredmedia":[{"embeddable":true,"href":"https:\/\/lorenzuttirurales.com.ar\/tienda\/wp-json\/wp\/v2\/media\/3817"}],"wp:attachment":[{"href":"https:\/\/lorenzuttirurales.com.ar\/tienda\/wp-json\/wp\/v2\/media?parent=3816"}],"wp:term":[{"taxonomy":"product_cat","embeddable":true,"href":"https:\/\/lorenzuttirurales.com.ar\/tienda\/wp-json\/wp\/v2\/product_cat?post=3816"},{"taxonomy":"product_tag","embeddable":true,"href":"https:\/\/lorenzuttirurales.com.ar\/tienda\/wp-json\/wp\/v2\/product_tag?post=3816"}],"curies":[{"name":"wp","href":"https:\/\/api.w.org\/{rel}","templated":true}]}}